{"id":4799,"date":"2025-06-12T17:23:27","date_gmt":"2025-06-12T20:23:27","guid":{"rendered":"https:\/\/agrodanieli.com.br\/?page_id=4799"},"modified":"2025-06-27T17:11:12","modified_gmt":"2025-06-27T20:11:12","slug":"home","status":"publish","type":"page","link":"https:\/\/agrodanieli.siterapido.rs\/en\/","title":{"rendered":"Home"},"content":{"rendered":"<div class='rpd-row full breaku002du002dtablet  ' style='--mask_background: #ffffff; --padding_desktop: 0px 0px 0px 0px; --padding_tablet: 0px 0px 0px 0px; --padding_mobile: 0px 0px 0px 0px; --row_gap: 30px;' ><div class='row--mask'><div class='rpd-container'>\n<style type='text\/css'> [data--ajax-url], [data--plugin-url], [data--tinymce-upload], [data--stripe-key], .-break-point, script { display: none !important; } <\/style><div class='rpd-slider  ' data-slick='{\"dots\": true, \"autoplay\": true, \"autoplaySpeed\": 5000}' style='--color: rgb(252,204,50); --height_desktop: 550px; --height_tablet: 550px; --height_mobile: 500px;'><div class='test__item'><div class=\"slider--item left \"><a href=\"https:\/\/agrodanieli.com.br\/cotacoes\/\" target=\"_self\" class=\"slider--link\"><\/a><div class=\"slider--backgrounds\"><div class=\"background--desktop\" style=\"background-image: url(https:\/\/cdn.siterapido.rs\/wp-content\/uploads\/sites\/272\/2024\/04\/campos-post-file-27-cotacoes-scaled.png);\"><\/div><div class=\"background--tablet\" style=\"background-image: url(https:\/\/cdn.siterapido.rs\/wp-content\/uploads\/sites\/272\/2024\/04\/campos-post-file-27-cotacoes-scaled.png);\"><\/div><div class=\"background--mobile\" style=\"background-image: url(https:\/\/cdn.siterapido.rs\/wp-content\/uploads\/sites\/272\/2024\/04\/campos-post-file-27-cotacoes-scaled.png);\"><\/div><\/div><div class=\"slider--mask\" style=\"--mask: ;\"><div class=\"rpd-container\"><\/div><\/div><\/div><\/div><div class='test__item'><div class=\"slider--item left \"><a href=\"https:\/\/agrodanieli.com.br\/nossos-negocios\/#neorgan\" target=\"_self\" class=\"slider--link\"><\/a><div class=\"slider--backgrounds\"><div class=\"background--desktop\" style=\"background-image: url(https:\/\/cdn.siterapido.rs\/wp-content\/uploads\/sites\/272\/2020\/08\/slide-home-neorgan-banner-para-site-agrodanieli2.png);\"><\/div><div class=\"background--tablet\" style=\"background-image: url(https:\/\/cdn.siterapido.rs\/wp-content\/uploads\/sites\/272\/2020\/08\/slide-home-neorgan-banner-para-site-agrodanieli2.png);\"><\/div><div class=\"background--mobile\" style=\"background-image: url(https:\/\/cdn.siterapido.rs\/wp-content\/uploads\/sites\/272\/2020\/08\/slide-home-neorgan-banner-para-site-agrodanieli2.png);\"><\/div><\/div><div class=\"slider--mask\" style=\"--mask: ;\"><div class=\"rpd-container\"><\/div><\/div><\/div><\/div><\/div>\n<\/div><\/div><\/div>\n\n<div class='rpd-row  rpd-hidden-desktop  rpd-hidden-tablet  rpd-hidden-smartphones normal break--never reverse--never ' style='--mask_background: #ffffff; --padding_desktop: 100px 15px 100px 15px; --padding_tablet: 75px 15px 75px 15px; --padding_mobile: 50px 15px 50px 15px; --row_gap: 30px;' ><div class='row--mask'><div class='rpd-container'>\n\n<div class=\"wp-block-columns\">\n<div class=\"wp-block-column is-vertically-aligned-center\"><div class='rpd-wysiwyg text-lt ' style='--content_spacing_desktop: 30px; --h1_font: var(--font_heading); --h1_size_desktop: 32px; --h1_weight: 700; --h1_line_desktop: 1.1; --h1_color: #000000; --h2_font: var(--font_heading); --h2_size_desktop: 24px; --h2_weight: 700; --h2_line_desktop: 1.2; --h2_color: rgb(45,48,146); --h3_font: var(--font_heading); --h3_size_desktop: 19px; --h3_weight: 700; --h3_line_desktop: 1.3; --h3_color: #000000; --h4_font: var(--font_heading); --h4_size_desktop: 16px; --h4_weight: 700; --h4_line_desktop: 1.4; --h4_color: #000000; --h5_font: var(--font_heading); --h5_size_desktop: 14px; --h5_weight: 700; --h5_line_desktop: 1.5; --h5_color: #000000; --h6_font: var(--font_heading); --h6_size_desktop: 13px; --h6_weight: 700; --h6_line_desktop: 1.6; --h6_color: #000000; --content_font: var(--font_text); --content_size_desktop: 16px; --content_weight: 400; --content_line_desktop: 1.8; --content_spacing_tablet: 25px; --h1_size_tablet: 26px; --h1_line_tablet: 1.1; --h2_size_tablet: 24px; --h2_line_tablet: 1.2; --h3_size_tablet: 16px; --h3_line_tablet: 1.3; --h4_size_tablet: 13px; --h4_line_tablet: 1.4; --h5_size_tablet: 12px; --h5_line_tablet: 1.5; --h6_size_tablet: 11px; --h6_line_tablet: 1.6; --content_size_tablet: 15px; --content_line_mobile: 1.7; --content_spacing_mobile: 20px; --h1_size_mobile: 21px; --h1_line_mobile: 1.1; --h2_size_mobile: 24px; --h2_line_mobile: 1.2; --h3_size_mobile: 13px; --h3_line_mobile: 1.3; --h4_size_mobile: 11px; --h4_line_mobile: 1.4; --h5_size_mobile: 10px; --h5_line_mobile: 1.5; --h6_size_mobile: 9px; --h6_line_mobile: 1.6; --content_size_mobile: 14px; --content_line_mobile: 1.6; --color: #000000;'><h2 id=\"latest-news\">Latest <strong>News<\/strong><\/h2>\n<\/div><\/div>\n\n\n\n<div class=\"wp-block-column is-vertically-aligned-center\">\n<div class='rpd-buttons right justify-content-right justify-content-md-right justify-content-sm-right ' style='--spacing: 20px; --font: var(--font_heading); --size: 14px; --weight: 700; --line: 1; --radius: 5px; --background: #2d3092; --color: #ffffff; --background--hover: #d8d8d8; --color--hover: #ffffff; --align: center;'><a style='--background: rgb(252,204,50) !important; --color: rgb(255,255,255); --background--hover: rgb(45,48,146); --color--hover: rgb(255,255,255);' href='https:\/\/agrodanieli.siterapido.rs\/en\/news\/' target='' class='fill'>See more<\/a><\/div><\/div>\n<\/div>\n\n\n<div class='rpd-spacer ' style='--spacing_desktop: 30px; --spacing_tablet: 30px; --spacing_mobile: 30px;'><\/div>\n\n<div class='rpd-posts   slider'><div class='rpd-notfound'>No items found.<\/div><\/div>\n<\/div><\/div><\/div>\n\n<div class='rpd-row normal breaku002du002dtablet reverseu002du002dnever ' style='--mask_background: rgba(218,218,218,0.15); --padding_desktop: 100px 15px 100px 15px; --padding_tablet: 75px 15px 75px 15px; --padding_mobile: 50px 15px 50px 15px; --row_gap: 30px;' ><div class='row--mask'><div class='rpd-container'>\n<div class='rpd-wysiwyg text-lt ' style='--content_spacing_desktop: 30px; --h1_font: var(--font_heading); --h1_size_desktop: 32px; --h1_weight: 700; --h1_line_desktop: 1.1; --h1_color: #000000; --h2_font: var(--font_heading); --h2_size_desktop: 24px; --h2_weight: 700; --h2_line_desktop: 1.2; --h2_color: rgb(45,48,146); --h3_font: var(--font_heading); --h3_size_desktop: 19px; --h3_weight: 700; --h3_line_desktop: 1.3; --h3_color: #000000; --h4_font: var(--font_heading); --h4_size_desktop: 16px; --h4_weight: 700; --h4_line_desktop: 1.4; --h4_color: #000000; --h5_font: var(--font_heading); --h5_size_desktop: 14px; --h5_weight: 700; --h5_line_desktop: 1.5; --h5_color: #000000; --h6_font: var(--font_heading); --h6_size_desktop: 13px; --h6_weight: 700; --h6_line_desktop: 1.6; --h6_color: #000000; --content_font: var(--font_text); --content_size_desktop: 16px; --content_weight: 400; --content_line_desktop: 1.8; --content_spacing_tablet: 25px; --h1_size_tablet: 26px; --h1_line_tablet: 1.1; --h2_size_tablet: 20px; --h2_line_tablet: 1.2; --h3_size_tablet: 16px; --h3_line_tablet: 1.3; --h4_size_tablet: 13px; --h4_line_tablet: 1.4; --h5_size_tablet: 12px; --h5_line_tablet: 1.5; --h6_size_tablet: 11px; --h6_line_tablet: 1.6; --content_size_tablet: 15px; --content_line_mobile: 1.7; --content_spacing_mobile: 20px; --h1_size_mobile: 21px; --h1_line_mobile: 1.1; --h2_size_mobile: 16px; --h2_line_mobile: 1.2; --h3_size_mobile: 13px; --h3_line_mobile: 1.3; --h4_size_mobile: 11px; --h4_line_mobile: 1.4; --h5_size_mobile: 10px; --h5_line_mobile: 1.5; --h6_size_mobile: 9px; --h6_line_mobile: 1.6; --content_size_mobile: 14px; --content_line_mobile: 1.6; --color: rgb(45,48,146);'><h2 style=\"text-align: center;\" style=\"text-align: center;\" id=\"our-business\">Our <strong>Business<\/strong><\/h2>\n<p style=\"text-align: center;\">Meet the brands that make up the Danieli Group<\/p>\n<\/div>\n\n<div class='rpd-icons  '><div class='icons--list' style='--gap: 30px; --content: 30px; --background: rgba(218,218,218,0); --count_desktop: 3; --count_tablet: 2; --count_mobile: 1; --radius: 5px; --size: 180px;'><div class='list--item above center'><a href='https:\/\/agrodanieli.siterapido.rs\/en\/our-business\/#grain' class='item--icon none' style='--background: #000000; --color: #000000; --background--hover: #666666; --radius: 5px; --color--hover: #000000;'><img src='https:\/\/cdn.siterapido.rs\/wp-content\/uploads\/sites\/272\/2025\/06\/home-unidades.png' alt=''><\/a><div class='item--content'><a href='https:\/\/agrodanieli.siterapido.rs\/en\/our-business\/#grain' class='content--text ' style='--font: var(--font_text); --size: 16px; --weight: 700; --line: 1.6; --marginTop: 15px; --background: #666666; --color: rgb(45,48,146); --background--hover: #000000; --color--hover: rgb(252,204,50); --radius: 5px;'>Grain reiceiving Unit<\/a><\/div><\/div><div class='list--item above center'><a href='https:\/\/agrodanieli.siterapido.rs\/en\/our-business\/#neorgan' class='item--icon none' style='--background: #000000; --color: #000000; --background--hover: #666666; --radius: 5px; --color--hover: #000000;'><img src='https:\/\/cdn.siterapido.rs\/wp-content\/uploads\/sites\/272\/2025\/06\/home-neorgan.png' alt=''><\/a><div class='item--content'><a href='https:\/\/agrodanieli.siterapido.rs\/en\/our-business\/#neorgan' class='content--text ' style='--font: var(--font_text); --size: 16px; --weight: 700; --line: 1.6; --marginTop: 15px; --background: #666666; --color: rgb(45,48,146); --background--hover: #000000; --color--hover: rgb(252,204,50); --radius: 5px;'>Neorgan Fertilizantes<\/a><\/div><\/div><div class='list--item above center'><a href='https:\/\/agrodanieli.siterapido.rs\/en\/our-business\/#soybean' class='item--icon none' style='--background: #000000; --color: #000000; --background--hover: #666666; --radius: 5px; --color--hover: #000000;'><img src='https:\/\/cdn.siterapido.rs\/wp-content\/uploads\/sites\/272\/2025\/06\/home-extracao-de-oleo-e-farelo-de-soja.png' alt=''><\/a><div class='item--content'><a href='https:\/\/agrodanieli.siterapido.rs\/en\/our-business\/#soybean' class='content--text ' style='--font: var(--font_text); --size: 16px; --weight: 700; --line: 1.6; --marginTop: 15px; --background: #666666; --color: rgb(45,48,146); --background--hover: #000000; --color--hover: rgb(252,204,50); --radius: 5px;'>Soybean Oil and Meal Extraction<\/a><\/div><\/div><\/div><\/div>\n\n\n<div class='rpd-buttons center justify-content-center justify-content-md-center justify-content-sm-center ' style='--spacing: 20px; --font: var(--font_heading); --size: 14px; --weight: 700; --line: 1; --radius: 5px; --background: #2d3092; --color: #ffffff; --background--hover: #d8d8d8; --color--hover: #ffffff; --align: center;'><a style='--background: rgb(252,204,50) !important;  --background--hover: rgb(45,48,146); ' href='https:\/\/agrodanieli.siterapido.rs\/nossos-negocios\/' target='' class='fill'>Learn more<\/a><\/div>\n<\/div><\/div><\/div>\n\n<div class='rpd-row normal break--never reverse--never ' style='--mask_background: #ffffff; --padding_desktop: 100px 15px 100px 15px; --padding_tablet: 75px 15px 75px 15px; --padding_mobile: 50px 15px 50px 15px; --row_gap: 30px;' ><div class='row--mask'><div class='rpd-container'>\n<div class='rpd-wysiwyg text-lt ' style='--content_spacing_desktop: 30px; --h1_font: var(--font_heading); --h1_size_desktop: 32px; --h1_weight: 700; --h1_line_desktop: 1.1; --h1_color: #000000; --h2_font: var(--font_heading); --h2_size_desktop: 24px; --h2_weight: 700; --h2_line_desktop: 1.2; --h2_color: rgb(45,48,146); --h3_font: var(--font_heading); --h3_size_desktop: 19px; --h3_weight: 700; --h3_line_desktop: 1.3; --h3_color: rgb(45,48,146); --h4_font: var(--font_heading); --h4_size_desktop: 16px; --h4_weight: 700; --h4_line_desktop: 1.4; --h4_color: #000000; --h5_font: var(--font_heading); --h5_size_desktop: 14px; --h5_weight: 700; --h5_line_desktop: 1.5; --h5_color: #000000; --h6_font: var(--font_heading); --h6_size_desktop: 13px; --h6_weight: 700; --h6_line_desktop: 1.6; --h6_color: #000000; --content_font: var(--font_text); --content_size_desktop: 16px; --content_weight: 400; --content_line_desktop: 1.8; --content_spacing_tablet: 25px; --h1_size_tablet: 26px; --h1_line_tablet: 1.1; --h2_size_tablet: 24px; --h2_line_tablet: 1.2; --h3_size_tablet: 19px; --h3_line_tablet: 1.3; --h4_size_tablet: 13px; --h4_line_tablet: 1.4; --h5_size_tablet: 12px; --h5_line_tablet: 1.5; --h6_size_tablet: 11px; --h6_line_tablet: 1.6; --content_size_tablet: 15px; --content_line_mobile: 1.7; --content_spacing_mobile: 20px; --h1_size_mobile: 21px; --h1_line_mobile: 1.1; --h2_size_mobile: 24px; --h2_line_mobile: 1.2; --h3_size_mobile: 19px; --h3_line_mobile: 1.3; --h4_size_mobile: 11px; --h4_line_mobile: 1.4; --h5_size_mobile: 10px; --h5_line_mobile: 1.5; --h6_size_mobile: 9px; --h6_line_mobile: 1.6; --content_size_mobile: 14px; --content_line_mobile: 1.6; --color: rgb(45,48,146);'><h2 style=\"text-align: center;\" style=\"text-align: center;\" id=\"mobilidade-para-o-produtor-rural\">Mobilidade para o produtor Rural<\/h2>\n<p style=\"text-align: center;\">Tenha mais controle sobre sua produ\u00e7\u00e3o, com informa\u00e7\u00f5es atualizadas sempre \u00e0 m\u00e3o. Com o aplicativo, voc\u00ea acompanha tudo direto do celular, de forma simples e r\u00e1pida. \u00c9 mais praticidade para o seu dia a dia no campo, permitindo que voc\u00ea tome decis\u00f5es com mais agilidade e seguran\u00e7a, de onde estiver.<\/p>\n<h3 style=\"text-align: center;\" style=\"text-align: center;\" id=\"baixar-o-app\">Baixar o app:<\/h3>\n<\/div>\n\n\n<div class=\"wp-block-columns\">\n<div class=\"wp-block-column is-vertically-aligned-center\"><div class='rpd-image   left' style='--border_radius_top: 0px; --border_radius_right: 0px; --border_radius_bottom: 0px; --border_radius_left: 0px;'><img src='' alt=''><\/div>\n\n<div class='rpd-image expand  right' style='--height_desktop: 80px; --height_tablet: 80px; --height_mobile: 50px; --border_radius_top: 0px; --border_radius_right: 0px; --border_radius_bottom: 0px; --border_radius_left: 0px;'><a href='https:\/\/play.google.com\/store\/apps\/details?id=br.com.senior.produtorrural' target='_blank'><img src='https:\/\/cdn.siterapido.rs\/wp-content\/uploads\/sites\/272\/2025\/06\/home-google-pay-3-1.png' alt=''><\/a><\/div><\/div>\n\n\n\n<div class=\"wp-block-column is-vertically-aligned-center\"><div class='rpd-image expand  left' style='--height_desktop: 80px; --height_tablet: 80px; --height_mobile: 50px; --border_radius_top: 0px; --border_radius_right: 0px; --border_radius_bottom: 0px; --border_radius_left: 0px;'><a href='https:\/\/apps.apple.com\/br\/app\/produtor-rural\/id1610754967' target='_blank'><img src='https:\/\/cdn.siterapido.rs\/wp-content\/uploads\/sites\/272\/2025\/06\/home-apple-store-4.png' alt=''><\/a><\/div><\/div>\n<\/div>\n\n<\/div><\/div><\/div>","protected":false},"excerpt":{"rendered":"","protected":false},"author":6,"featured_media":0,"parent":0,"menu_order":22,"comment_status":"closed","ping_status":"closed","template":"","meta":{"_acf_changed":false,"footnotes":""},"class_list":["post-4799","page","type-page","status-publish","hentry"],"acf":[],"_links":{"self":[{"href":"https:\/\/agrodanieli.siterapido.rs\/en\/wp-json\/wp\/v2\/pages\/4799","targetHints":{"allow":["GET"]}}],"collection":[{"href":"https:\/\/agrodanieli.siterapido.rs\/en\/wp-json\/wp\/v2\/pages"}],"about":[{"href":"https:\/\/agrodanieli.siterapido.rs\/en\/wp-json\/wp\/v2\/types\/page"}],"author":[{"embeddable":true,"href":"https:\/\/agrodanieli.siterapido.rs\/en\/wp-json\/wp\/v2\/users\/6"}],"replies":[{"embeddable":true,"href":"https:\/\/agrodanieli.siterapido.rs\/en\/wp-json\/wp\/v2\/comments?post=4799"}],"version-history":[{"count":4,"href":"https:\/\/agrodanieli.siterapido.rs\/en\/wp-json\/wp\/v2\/pages\/4799\/revisions"}],"predecessor-version":[{"id":4951,"href":"https:\/\/agrodanieli.siterapido.rs\/en\/wp-json\/wp\/v2\/pages\/4799\/revisions\/4951"}],"wp:attachment":[{"href":"https:\/\/agrodanieli.siterapido.rs\/en\/wp-json\/wp\/v2\/media?parent=4799"}],"curies":[{"name":"wp","href":"https:\/\/api.w.org\/{rel}","templated":true}]}}