{"id":4812,"date":"2025-06-12T17:43:18","date_gmt":"2025-06-12T20:43:18","guid":{"rendered":"https:\/\/agrodanieli.com.br\/?page_id=4812"},"modified":"2025-06-30T12:53:36","modified_gmt":"2025-06-30T15:53:36","slug":"contact-us","status":"publish","type":"page","link":"https:\/\/agrodanieli.siterapido.rs\/en\/contact-us\/","title":{"rendered":"CONTACT US"},"content":{"rendered":"<div class='rpd-row normal break--tablet reverse--never ' style='--mask_background: #ffffff; --padding_desktop: 100px 15px 100px 15px; --padding_tablet: 75px 15px 75px 15px; --padding_mobile: 50px 15px 50px 15px; --row_gap: 30px;' ><div class='row--mask'><div class='rpd-container'>\n\n<div class=\"wp-block-columns\">\n<div class=\"wp-block-column\"><div class='rpd-wysiwyg text-lt ' style='--content_spacing_desktop: 30px; --h1_font: var(--font_heading); --h1_size_desktop: 32px; --h1_weight: 700; --h1_line_desktop: 1.1; --h1_color: #000000; --h2_font: var(--font_heading); --h2_size_desktop: 24px; --h2_weight: 700; --h2_line_desktop: 1.2; --h2_color: rgb(45,48,146); --h3_font: var(--font_heading); --h3_size_desktop: 19px; --h3_weight: 700; --h3_line_desktop: 1.3; --h3_color: #000000; --h4_font: var(--font_heading); --h4_size_desktop: 16px; --h4_weight: 700; --h4_line_desktop: 1.4; --h4_color: #000000; --h5_font: var(--font_heading); --h5_size_desktop: 14px; --h5_weight: 700; --h5_line_desktop: 1.5; --h5_color: #000000; --h6_font: var(--font_heading); --h6_size_desktop: 13px; --h6_weight: 700; --h6_line_desktop: 1.6; --h6_color: #000000; --content_font: var(--font_text); --content_size_desktop: 16px; --content_weight: 400; --content_line_desktop: 1.8; --content_spacing_tablet: 25px; --h1_size_tablet: 26px; --h1_line_tablet: 1.1; --h2_size_tablet: 20px; --h2_line_tablet: 1.2; --h3_size_tablet: 16px; --h3_line_tablet: 1.3; --h4_size_tablet: 13px; --h4_line_tablet: 1.4; --h5_size_tablet: 12px; --h5_line_tablet: 1.5; --h6_size_tablet: 11px; --h6_line_tablet: 1.6; --content_size_tablet: 15px; --content_line_mobile: 1.7; --content_spacing_mobile: 20px; --h1_size_mobile: 21px; --h1_line_mobile: 1.1; --h2_size_mobile: 16px; --h2_line_mobile: 1.2; --h3_size_mobile: 13px; --h3_line_mobile: 1.3; --h4_size_mobile: 11px; --h4_line_mobile: 1.4; --h5_size_mobile: 10px; --h5_line_mobile: 1.5; --h6_size_mobile: 9px; --h6_line_mobile: 1.6; --content_size_mobile: 14px; --content_line_mobile: 1.6; --color: #000000;'><h2 class=\"title-contato\" class=\"title-contato\" id=\"contact-us\">Contact Us.<\/h2>\n<\/div>\n\n<div class='rpd-icons  '><div class='icons--list' style='--gap: 30px; --content: 30px; --background: #ffffff; --count_desktop: 1; --count_tablet: 1; --count_mobile: 1; --radius: 10px; --shadow: 10px 10px 30px 0 rgba(0,0,0,.05); --size: 20px;'><div class='list--item side left'><a href='' class='item--icon none' style='--background: #000000; --color: rgb(252,204,50); --background--hover: #666666; --radius: 5px; --color--hover: #000000;'><i class=\"fas fa-user\" aria-hidden=\"true\"><\/i><\/a><div class='item--content'><a href='' class='content--text ' style='--font: var(--font_text); --size: 16px; --weight: 400; --line: 1; --marginTop: 15px; --background: #666666; --color: rgb(45,48,146); --background--hover: #000000; --color--hover: #666666; --radius: 5px;'>Segunda \u00e0 Sexta: 08:00 \u00e0s 12:00 - 13:12 \u00e0s 18:00<\/a><\/div><\/div><div class='list--item side left'><a href='' class='item--icon none' style='--background: #000000; --color: rgb(252,204,50); --background--hover: #666666; --radius: 5px; --color--hover: #000000;'><i class=\"fas fa-phone-alt\" aria-hidden=\"true\"><\/i><\/a><div class='item--content'><a href='' class='content--text ' style='--font: var(--font_text); --size: 16px; --weight: 400; --line: 1; --marginTop: 15px; --background: #666666; --color: rgb(45,48,146); --background--hover: #000000; --color--hover: #666666; --radius: 5px;'> 54 3344-4200<\/a><\/div><\/div><div class='list--item side left'><a href='' class='item--icon none' style='--background: #000000; --color: rgb(252,204,50); --background--hover: #666666; --radius: 5px; --color--hover: #000000;'><i class=\"fas fa-envelope\" aria-hidden=\"true\"><\/i><\/a><div class='item--content'><a href='' class='content--text ' style='--font: var(--font_text); --size: 16px; --weight: 400; --line: 1.6; --marginTop: 15px; --background: #666666; --color: rgb(45,48,146); --background--hover: #000000; --color--hover: #666666; --radius: 5px;'>marketing@agrodanieli.com.br<\/a><\/div><\/div><div class='list--item side left'><a href='' class='item--icon none' style='--background: #000000; --color: rgb(252,204,50); --background--hover: #666666; --radius: 5px; --color--hover: #000000;'><i class=\"fas fa-map-marker-alt\" aria-hidden=\"true\"><\/i><\/a><div class='item--content'><a href='' class='content--text ' style='--font: var(--font_text); --size: 16px; --weight: 400; --line: 1.6; --marginTop: 15px; --background: #666666; --color: rgb(45,48,146); --background--hover: #000000; --color--hover: #666666; --radius: 5px;'>Av. Valdo Nunes Vieira, 323 - Centro Cep: 99950-000 - Tapejara - RS<\/a><\/div><\/div><\/div><\/div><\/div>\n\n\n\n<div class=\"wp-block-column\"><div class='rpd-form  ' style='--width_desktop: 100%; --width_tablet: 100%; --width_mobile: 100%;'><p>Please activate your license to enable all features and receive new updates.<\/p><\/div><\/div>\n<\/div>\n\n<\/div><\/div><\/div>","protected":false},"excerpt":{"rendered":"","protected":false},"author":6,"featured_media":0,"parent":0,"menu_order":8,"comment_status":"closed","ping_status":"closed","template":"","meta":{"_acf_changed":false,"footnotes":""},"class_list":["post-4812","page","type-page","status-publish","hentry"],"acf":[],"_links":{"self":[{"href":"https:\/\/agrodanieli.siterapido.rs\/en\/wp-json\/wp\/v2\/pages\/4812","targetHints":{"allow":["GET"]}}],"collection":[{"href":"https:\/\/agrodanieli.siterapido.rs\/en\/wp-json\/wp\/v2\/pages"}],"about":[{"href":"https:\/\/agrodanieli.siterapido.rs\/en\/wp-json\/wp\/v2\/types\/page"}],"author":[{"embeddable":true,"href":"https:\/\/agrodanieli.siterapido.rs\/en\/wp-json\/wp\/v2\/users\/6"}],"replies":[{"embeddable":true,"href":"https:\/\/agrodanieli.siterapido.rs\/en\/wp-json\/wp\/v2\/comments?post=4812"}],"version-history":[{"count":3,"href":"https:\/\/agrodanieli.siterapido.rs\/en\/wp-json\/wp\/v2\/pages\/4812\/revisions"}],"predecessor-version":[{"id":5013,"href":"https:\/\/agrodanieli.siterapido.rs\/en\/wp-json\/wp\/v2\/pages\/4812\/revisions\/5013"}],"wp:attachment":[{"href":"https:\/\/agrodanieli.siterapido.rs\/en\/wp-json\/wp\/v2\/media?parent=4812"}],"curies":[{"name":"wp","href":"https:\/\/api.w.org\/{rel}","templated":true}]}}