{"id":4818,"date":"2025-06-12T17:52:26","date_gmt":"2025-06-12T20:52:26","guid":{"rendered":"https:\/\/agrodanieli.com.br\/?page_id=4818"},"modified":"2025-06-30T12:54:38","modified_gmt":"2025-06-30T15:54:38","slug":"el-grupo","status":"publish","type":"page","link":"https:\/\/agrodanieli.siterapido.rs\/es\/el-grupo\/","title":{"rendered":"EL GRUPO"},"content":{"rendered":"<div class='rpd-row normal break--tablet reverse--never ' style='--mask_background: #ffffff; --padding_desktop: 100px 15px 100px 15px; --padding_tablet: 75px 15px 75px 15px; --padding_mobile: 50px 15px 50px 15px; --row_gap: 30px;' ><div class='row--mask'><div class='rpd-container'>\n<div class='rpd-wysiwyg text-lt ' style='--content_spacing_desktop: 30px; --h1_font: var(--font_heading); --h1_size_desktop: 32px; --h1_weight: 700; --h1_line_desktop: 1.1; --h1_color: #000000; --h2_font: var(--font_heading); --h2_size_desktop: 24px; --h2_weight: 700; --h2_line_desktop: 1.2; --h2_color: rgb(45,48,146); --h3_font: var(--font_heading); --h3_size_desktop: 19px; --h3_weight: 700; --h3_line_desktop: 1.3; --h3_color: #000000; --h4_font: var(--font_heading); --h4_size_desktop: 16px; --h4_weight: 700; --h4_line_desktop: 1.4; --h4_color: #000000; --h5_font: var(--font_heading); --h5_size_desktop: 14px; --h5_weight: 700; --h5_line_desktop: 1.5; --h5_color: #000000; --h6_font: var(--font_heading); --h6_size_desktop: 13px; --h6_weight: 700; --h6_line_desktop: 1.6; --h6_color: #000000; --content_font: var(--font_text); --content_size_desktop: 16px; --content_weight: 400; --content_line_desktop: 1.8; --content_spacing_tablet: 25px; --h1_size_tablet: 26px; --h1_line_tablet: 1.1; --h2_size_tablet: 20px; --h2_line_tablet: 1.2; --h3_size_tablet: 16px; --h3_line_tablet: 1.3; --h4_size_tablet: 13px; --h4_line_tablet: 1.4; --h5_size_tablet: 12px; --h5_line_tablet: 1.5; --h6_size_tablet: 11px; --h6_line_tablet: 1.6; --content_size_tablet: 15px; --content_line_mobile: 1.7; --content_spacing_mobile: 20px; --h1_size_mobile: 21px; --h1_line_mobile: 1.1; --h2_size_mobile: 16px; --h2_line_mobile: 1.2; --h3_size_mobile: 13px; --h3_line_mobile: 1.3; --h4_size_mobile: 11px; --h4_line_mobile: 1.4; --h5_size_mobile: 10px; --h5_line_mobile: 1.5; --h6_size_mobile: 9px; --h6_line_mobile: 1.6; --content_size_mobile: 14px; --content_line_mobile: 1.6; --color: #000000;'><div class=\"barra-azul\">\n<div class=\"container no-padding\">\n<div class=\"item-grupo two-third-columns\">\n<h2 id=\"sobre-el-grupo\">Sobre El Grupo<\/h2>\n<div class=\"descr-grupo\">\n<p>El Grupo Danieli fue creado en 1990, con la s\u00f3lida experiencia de sus fundadores en la comercializaci\u00f3n de granos desde 1984. Desde entonces act\u00faa en los sectores de granos, fertilizantes, industrializaci\u00f3n de soja, granjas, sacrificio de cerdos, supermercados, comercio mayorista, construcci\u00f3n y segmento de estaciones de servicio de combustible. Moviendo, a trav\u00e9s de sus negocios, la econom\u00eda de la regi\u00f3n noreste de Rio Grande do Sul.<\/p>\n<p>En 2021, despu\u00e9s de 31 a\u00f1os, abandon\u00f3 sus operaciones de matadero de aves y comenz\u00f3 a centrarse en otros negocios existentes y tambi\u00e9n a planificar un futuro de muchos cambios dentro del mundo de la agroindustria. Entre ellos se encuentra el audaz proyecto de la nueva f\u00e1brica de fertilizantes organominerales.<\/p>\n<p>Pensando en la calidad de vida y el bienestar de sus colaboradores, el Grupo Danieli habilit\u00f3 la construcci\u00f3n de viviendas con toda la infraestructura necesaria para el confort de sus colaboradores. Tambi\u00e9n brinda un ambiente de trabajo con pr\u00e1cticas de calidad de vida combinadas con actividades para su personal.<\/p>\n<p>Cuenta con unidades receptoras de granos distribuidas por toda la regi\u00f3n, cuenta con una estructura de descarga de hasta 5.000 toneladas\/d\u00eda y almacenamiento est\u00e1tico de 60.000 toneladas.<\/p>\n<\/div>\n<\/div>\n<\/div>\n<\/div>\n<\/div>\n<\/div><\/div><\/div>","protected":false},"excerpt":{"rendered":"","protected":false},"author":6,"featured_media":0,"parent":0,"menu_order":17,"comment_status":"closed","ping_status":"closed","template":"","meta":{"_acf_changed":false,"footnotes":""},"class_list":["post-4818","page","type-page","status-publish","hentry"],"acf":[],"_links":{"self":[{"href":"https:\/\/agrodanieli.siterapido.rs\/es\/wp-json\/wp\/v2\/pages\/4818","targetHints":{"allow":["GET"]}}],"collection":[{"href":"https:\/\/agrodanieli.siterapido.rs\/es\/wp-json\/wp\/v2\/pages"}],"about":[{"href":"https:\/\/agrodanieli.siterapido.rs\/es\/wp-json\/wp\/v2\/types\/page"}],"author":[{"embeddable":true,"href":"https:\/\/agrodanieli.siterapido.rs\/es\/wp-json\/wp\/v2\/users\/6"}],"replies":[{"embeddable":true,"href":"https:\/\/agrodanieli.siterapido.rs\/es\/wp-json\/wp\/v2\/comments?post=4818"}],"version-history":[{"count":2,"href":"https:\/\/agrodanieli.siterapido.rs\/es\/wp-json\/wp\/v2\/pages\/4818\/revisions"}],"predecessor-version":[{"id":5014,"href":"https:\/\/agrodanieli.siterapido.rs\/es\/wp-json\/wp\/v2\/pages\/4818\/revisions\/5014"}],"wp:attachment":[{"href":"https:\/\/agrodanieli.siterapido.rs\/es\/wp-json\/wp\/v2\/media?parent=4818"}],"curies":[{"name":"wp","href":"https:\/\/api.w.org\/{rel}","templated":true}]}}