{"id":4820,"date":"2025-06-12T17:54:04","date_gmt":"2025-06-12T20:54:04","guid":{"rendered":"https:\/\/agrodanieli.com.br\/?page_id=4820"},"modified":"2025-06-30T12:56:54","modified_gmt":"2025-06-30T15:56:54","slug":"sostenibilidad","status":"publish","type":"page","link":"https:\/\/agrodanieli.siterapido.rs\/es\/sostenibilidad\/","title":{"rendered":"SOSTENIBILIDAD"},"content":{"rendered":"<div class='rpd-row normal break--tablet reverse--never ' style='--mask_background: #ffffff; --padding_desktop: 100px 15px 100px 15px; --padding_tablet: 75px 15px 75px 15px; --padding_mobile: 50px 15px 50px 15px; --row_gap: 30px;' ><div class='row--mask'><div class='rpd-container'>\n<div class='rpd-wysiwyg text-lt ' style='--content_spacing_desktop: 30px; --h1_font: var(--font_heading); --h1_size_desktop: 32px; --h1_weight: 700; --h1_line_desktop: 1.1; --h1_color: #000000; --h2_font: var(--font_heading); --h2_size_desktop: 24px; --h2_weight: 700; --h2_line_desktop: 1.2; --h2_color: rgb(45,48,146); --h3_font: var(--font_heading); --h3_size_desktop: 19px; --h3_weight: 700; --h3_line_desktop: 1.3; --h3_color: #000000; --h4_font: var(--font_heading); --h4_size_desktop: 16px; --h4_weight: 700; --h4_line_desktop: 1.4; --h4_color: #000000; --h5_font: var(--font_heading); --h5_size_desktop: 14px; --h5_weight: 700; --h5_line_desktop: 1.5; --h5_color: #000000; --h6_font: var(--font_heading); --h6_size_desktop: 13px; --h6_weight: 700; --h6_line_desktop: 1.6; --h6_color: #000000; --content_font: var(--font_text); --content_size_desktop: 16px; --content_weight: 400; --content_line_desktop: 1.8; --content_spacing_tablet: 25px; --h1_size_tablet: 26px; --h1_line_tablet: 1.1; --h2_size_tablet: 20px; --h2_line_tablet: 1.2; --h3_size_tablet: 16px; --h3_line_tablet: 1.3; --h4_size_tablet: 13px; --h4_line_tablet: 1.4; --h5_size_tablet: 12px; --h5_line_tablet: 1.5; --h6_size_tablet: 11px; --h6_line_tablet: 1.6; --content_size_tablet: 15px; --content_line_mobile: 1.7; --content_spacing_mobile: 20px; --h1_size_mobile: 21px; --h1_line_mobile: 1.1; --h2_size_mobile: 16px; --h2_line_mobile: 1.2; --h3_size_mobile: 13px; --h3_line_mobile: 1.3; --h4_size_mobile: 11px; --h4_line_mobile: 1.4; --h5_size_mobile: 10px; --h5_line_mobile: 1.5; --h6_size_mobile: 9px; --h6_line_mobile: 1.6; --content_size_mobile: 14px; --content_line_mobile: 1.6; --color: #000000;'><h2 id=\"sustentabilidad\">Sustentabilidad<\/h2>\n<div class=\"descr-grupo\">\n<p>El grupo Agrodanieli es consciente de la importancia de la sustentabilidad. Por eso, la empresa busca continuamente tecnolog\u00edas que visen la preservaci\u00f3n del medio ambiente y mejoren la calidad de vida de esta y futuras generaciones.<\/p>\n<p>Existe una preocupaci\u00f3n por parte de la empresa con respecto al reuso y reutilizaci\u00f3n de insumos. Por ejemplo, los residuos generados en los procesos, que son reaprovechados para la producci\u00f3n de subproductos.<\/p>\n<p>Toda el agua utilizada en el proceso industrial del Grupo Agrodanieli pasa por estaciones de tratamiento de afluentes para que despu\u00e9s sea lanzada en un cuerpo receptor.<\/p>\n<p>Los residuos s\u00f3lidos generados, no peligrosos, son encaminados para reciclaje. Los dem\u00e1s residuos son encaminados para atierres licenciados, con el objetivo de evitar el descarte en locales inadecuados.<\/p>\n<p>Uno de los objetivos futuros es reutilizar parte del efluente tratado en algunos procesos industriales, con el objetivo de reducir el volumen de efluente lanzado e reducci\u00f3n del consumo de agua. Adem\u00e1s de este proyecto, existe el de reflorestamiento, que prev\u00e9 la reposici\u00f3n de materias primas en el fornecimiento de energ\u00eda.<\/p>\n<p>Ambientalmente, todas nuestras unidades trabajan con licencia ambiental.<\/p>\n<\/div>\n<\/div>\n<\/div><\/div><\/div>","protected":false},"excerpt":{"rendered":"","protected":false},"author":6,"featured_media":0,"parent":0,"menu_order":14,"comment_status":"closed","ping_status":"closed","template":"","meta":{"_acf_changed":false,"footnotes":""},"class_list":["post-4820","page","type-page","status-publish","hentry"],"acf":[],"_links":{"self":[{"href":"https:\/\/agrodanieli.siterapido.rs\/es\/wp-json\/wp\/v2\/pages\/4820","targetHints":{"allow":["GET"]}}],"collection":[{"href":"https:\/\/agrodanieli.siterapido.rs\/es\/wp-json\/wp\/v2\/pages"}],"about":[{"href":"https:\/\/agrodanieli.siterapido.rs\/es\/wp-json\/wp\/v2\/types\/page"}],"author":[{"embeddable":true,"href":"https:\/\/agrodanieli.siterapido.rs\/es\/wp-json\/wp\/v2\/users\/6"}],"replies":[{"embeddable":true,"href":"https:\/\/agrodanieli.siterapido.rs\/es\/wp-json\/wp\/v2\/comments?post=4820"}],"version-history":[{"count":2,"href":"https:\/\/agrodanieli.siterapido.rs\/es\/wp-json\/wp\/v2\/pages\/4820\/revisions"}],"predecessor-version":[{"id":5016,"href":"https:\/\/agrodanieli.siterapido.rs\/es\/wp-json\/wp\/v2\/pages\/4820\/revisions\/5016"}],"wp:attachment":[{"href":"https:\/\/agrodanieli.siterapido.rs\/es\/wp-json\/wp\/v2\/media?parent=4820"}],"curies":[{"name":"wp","href":"https:\/\/api.w.org\/{rel}","templated":true}]}}