{"id":4822,"date":"2025-06-12T17:57:21","date_gmt":"2025-06-12T20:57:21","guid":{"rendered":"https:\/\/agrodanieli.com.br\/?page_id=4822"},"modified":"2025-06-30T12:55:28","modified_gmt":"2025-06-30T15:55:28","slug":"trabaja-con-nosotros","status":"publish","type":"page","link":"https:\/\/agrodanieli.siterapido.rs\/es\/trabaja-con-nosotros\/","title":{"rendered":"TRABAJA CON NOSOTROS"},"content":{"rendered":"<div class='rpd-row normal break--tablet reverse--never ' style='--mask_background: #ffffff; --padding_desktop: 100px 15px 100px 15px; --padding_tablet: 75px 15px 75px 15px; --padding_mobile: 50px 15px 50px 15px; --row_gap: 30px;' ><div class='row--mask'><div class='rpd-container'>\n\n<div class=\"wp-block-columns\">\n<div class=\"wp-block-column\" style=\"flex-basis:66.66%\"><div class='rpd-wysiwyg text-lt ' style='--content_spacing_desktop: 30px; --h1_font: var(--font_heading); --h1_size_desktop: 32px; --h1_weight: 700; --h1_line_desktop: 1.1; --h1_color: #000000; --h2_font: var(--font_heading); --h2_size_desktop: 24px; --h2_weight: 700; --h2_line_desktop: 1.2; --h2_color: rgb(45,48,146); --h3_font: var(--font_heading); --h3_size_desktop: 19px; --h3_weight: 700; --h3_line_desktop: 1.3; --h3_color: #000000; --h4_font: var(--font_heading); --h4_size_desktop: 16px; --h4_weight: 700; --h4_line_desktop: 1.4; --h4_color: #000000; --h5_font: var(--font_heading); --h5_size_desktop: 14px; --h5_weight: 700; --h5_line_desktop: 1.5; --h5_color: #000000; --h6_font: var(--font_heading); --h6_size_desktop: 13px; --h6_weight: 700; --h6_line_desktop: 1.6; --h6_color: #000000; --content_font: var(--font_text); --content_size_desktop: 16px; --content_weight: 400; --content_line_desktop: 1.8; --content_spacing_tablet: 25px; --h1_size_tablet: 26px; --h1_line_tablet: 1.1; --h2_size_tablet: 20px; --h2_line_tablet: 1.2; --h3_size_tablet: 16px; --h3_line_tablet: 1.3; --h4_size_tablet: 13px; --h4_line_tablet: 1.4; --h5_size_tablet: 12px; --h5_line_tablet: 1.5; --h6_size_tablet: 11px; --h6_line_tablet: 1.6; --content_size_tablet: 15px; --content_line_mobile: 1.7; --content_spacing_mobile: 20px; --h1_size_mobile: 21px; --h1_line_mobile: 1.1; --h2_size_mobile: 16px; --h2_line_mobile: 1.2; --h3_size_mobile: 13px; --h3_line_mobile: 1.3; --h4_size_mobile: 11px; --h4_line_mobile: 1.4; --h5_size_mobile: 10px; --h5_line_mobile: 1.5; --h6_size_mobile: 9px; --h6_line_mobile: 1.6; --content_size_mobile: 14px; --content_line_mobile: 1.6; --color: #000000;'><h2 class=\"title-contato\" class=\"title-contato\" id=\"trabaja-con-nosotros\">Trabaja Con Nosotros<\/h2>\n<p data-start=\"68\" data-end=\"102\">\u00a1Ser\u00e1 un honor contar contigo!<\/p>\n<p data-start=\"104\" data-end=\"325\">Para participar en nuestros procesos de selecci\u00f3n, env\u00eda un correo electr\u00f3nico con tu curr\u00edculum y el puesto al que deseas postularte a <strong data-start=\"240\" data-end=\"265\"><a class=\"cursor-pointer\" rel=\"noopener\" data-start=\"242\" data-end=\"263\">rh@agrodanieli.com.br<\/a><\/strong>, o comun\u00edcate por WhatsApp al n\u00famero <strong data-start=\"303\" data-end=\"324\">+55 54 99617-1803<\/strong>.<\/p>\n<p data-start=\"327\" data-end=\"345\">\u00a1Buena suerte!<\/p>\n<\/div><\/div>\n\n\n\n<div class=\"wp-block-column\" style=\"flex-basis:33.33%\"><\/div>\n<\/div>\n\n<\/div><\/div><\/div>","protected":false},"excerpt":{"rendered":"","protected":false},"author":6,"featured_media":0,"parent":0,"menu_order":11,"comment_status":"closed","ping_status":"closed","template":"","meta":{"_acf_changed":false,"footnotes":""},"class_list":["post-4822","page","type-page","status-publish","hentry"],"acf":[],"_links":{"self":[{"href":"https:\/\/agrodanieli.siterapido.rs\/es\/wp-json\/wp\/v2\/pages\/4822","targetHints":{"allow":["GET"]}}],"collection":[{"href":"https:\/\/agrodanieli.siterapido.rs\/es\/wp-json\/wp\/v2\/pages"}],"about":[{"href":"https:\/\/agrodanieli.siterapido.rs\/es\/wp-json\/wp\/v2\/types\/page"}],"author":[{"embeddable":true,"href":"https:\/\/agrodanieli.siterapido.rs\/es\/wp-json\/wp\/v2\/users\/6"}],"replies":[{"embeddable":true,"href":"https:\/\/agrodanieli.siterapido.rs\/es\/wp-json\/wp\/v2\/comments?post=4822"}],"version-history":[{"count":2,"href":"https:\/\/agrodanieli.siterapido.rs\/es\/wp-json\/wp\/v2\/pages\/4822\/revisions"}],"predecessor-version":[{"id":5015,"href":"https:\/\/agrodanieli.siterapido.rs\/es\/wp-json\/wp\/v2\/pages\/4822\/revisions\/5015"}],"wp:attachment":[{"href":"https:\/\/agrodanieli.siterapido.rs\/es\/wp-json\/wp\/v2\/media?parent=4822"}],"curies":[{"name":"wp","href":"https:\/\/api.w.org\/{rel}","templated":true}]}}