{"id":4826,"date":"2025-06-12T18:21:33","date_gmt":"2025-06-12T21:21:33","guid":{"rendered":"https:\/\/agrodanieli.com.br\/?page_id=4826"},"modified":"2025-06-30T13:05:53","modified_gmt":"2025-06-30T16:05:53","slug":"nuestro-negocio","status":"publish","type":"page","link":"https:\/\/agrodanieli.siterapido.rs\/es\/nuestro-negocio\/","title":{"rendered":"NUESTRO NEGOCIO"},"content":{"rendered":"<div class='rpd-row normal break--mobile reverse--never ' style='--mask_background: #ffffff; --padding_desktop: 50px 15px 100px 15px; --padding_tablet: 30px 15px 75px 15px; --padding_mobile: 30px 15px 50px 15px; --row_gap: 20px;' id='unidad'><div class='row--mask'><div class='rpd-container'>\n\n<div class=\"wp-block-columns\">\n<div class=\"wp-block-column is-vertically-aligned-center\" style=\"flex-basis:30%\"><div class='rpd-image   left' style='--border_radius_top: 20px; --border_radius_right: 20px; --border_radius_bottom: 20px; --border_radius_left: 20px;'><img src='https:\/\/cdn.siterapido.rs\/wp-content\/uploads\/sites\/272\/2025\/06\/home-image-18-med-file.jpg' alt=''><\/div><\/div>\n\n\n\n<div class=\"wp-block-column is-vertically-aligned-center\"><div class='rpd-wysiwyg text-lt ' style='--content_spacing_desktop: 30px; --h1_font: var(--font_heading); --h1_size_desktop: 32px; --h1_weight: 700; --h1_line_desktop: 1.1; --h1_color: #000000; --h2_font: var(--font_heading); --h2_size_desktop: 24px; --h2_weight: 700; --h2_line_desktop: 1.2; --h2_color: rgb(45,48,146); --h3_font: var(--font_heading); --h3_size_desktop: 19px; --h3_weight: 700; --h3_line_desktop: 1.3; --h3_color: #000000; --h4_font: var(--font_heading); --h4_size_desktop: 16px; --h4_weight: 700; --h4_line_desktop: 1.4; --h4_color: #000000; --h5_font: var(--font_heading); --h5_size_desktop: 14px; --h5_weight: 700; --h5_line_desktop: 1.5; --h5_color: #000000; --h6_font: var(--font_heading); --h6_size_desktop: 13px; --h6_weight: 700; --h6_line_desktop: 1.6; --h6_color: #000000; --content_font: var(--font_text); --content_size_desktop: 16px; --content_weight: 400; --content_line_desktop: 1.8; --content_spacing_tablet: 25px; --h1_size_tablet: 26px; --h1_line_tablet: 1.1; --h2_size_tablet: 24px; --h2_line_tablet: 1.2; --h3_size_tablet: 16px; --h3_line_tablet: 1.3; --h4_size_tablet: 13px; --h4_line_tablet: 1.4; --h5_size_tablet: 12px; --h5_line_tablet: 1.5; --h6_size_tablet: 11px; --h6_line_tablet: 1.6; --content_size_tablet: 15px; --content_line_mobile: 1.7; --content_spacing_mobile: 20px; --h1_size_mobile: 21px; --h1_line_mobile: 1.1; --h2_size_mobile: 24px; --h2_line_mobile: 1.2; --h3_size_mobile: 13px; --h3_line_mobile: 1.3; --h4_size_mobile: 11px; --h4_line_mobile: 1.4; --h5_size_mobile: 10px; --h5_line_mobile: 1.5; --h6_size_mobile: 9px; --h6_line_mobile: 1.6; --content_size_mobile: 14px; --content_line_mobile: 1.6; --color: #000000;'><div class=\"item-negocio\">\n<div class=\"two-third-columns column-negocio\">\n<h2 class=\"title\" class=\"title\" id=\"unidades-de-recibimiento-de-granos\">Unidades de recibimiento de granos<\/h2>\n<p>La empresa Agrodanieli tiene diversas unidades receptoras de granos que se distribuyen en puntos estrat\u00e9gicos para mejorar la atenci\u00f3n de los productores de la regi\u00f3n. Las unidades son responsables de la recepci\u00f3n de granos que luego ser\u00e1n transformados en aceite y harina para la comercializaci\u00f3n y tambi\u00e9n para satisfacer la demanda de la cadena av\u00edcola de la empresa. A continuaci\u00f3n se muestra m\u00e1s informaci\u00f3n sobre cada unidad de recepci\u00f3n:<\/p>\n<p>&nbsp;<\/p>\n<\/div>\n<div class=\"clear\"><\/div>\n<\/div>\n<div class=\"clear\"><\/div>\n<div class=\"item-negocio\">\n<div class=\"three-columns\">\n<div class=\"logo-negocio\"><\/div>\n<\/div>\n<\/div>\n<\/div><\/div>\n<\/div>\n\n\n<div class='rpd-icons  '><div class='icons--list' style='--gap: 30px; --content: 30px; --background: #ffffff; --count_desktop: 3; --count_tablet: 2; --count_mobile: 1; --radius: 5px; --size: 20px;'><div class='list--item side left'><a href='' class='item--icon none' style='--background: #000000; --color: rgb(45,48,146); --background--hover: #666666; --radius: 5px; --color--hover: rgb(252,204,50);'><i class=\"fas fa-map-marker-alt\" aria-hidden=\"true\"><\/i><\/a><div class='item--content'><a href='' class='content--text ' style='--font: var(--font_text); --size: 14px; --weight: 700; --line: 1.6; --marginTop: 15px; --background: #666666; --color: rgb(45,48,146); --background--hover: #000000; --color--hover: #666666; --radius: 5px;'>Agrodanieli Ind E Com Ltda (Sucursal \u00c1gua Santa)<\/a><a href='' class='content--text ' style='--font: var(--font_text); --size: 14px; --weight: 400; --line: 1.6; --marginTop: 15px; --background: #666666; --color: #000000; --background--hover: #000000; --color--hover: #666666; --radius: 5px;'>Avenida Porto Alegre, 1756 \u2013 \u00c1gua Santa\/RS<br \/>\r\nCod Postal: 99965-000<br \/>\r\nTelefono: (54) 3348-1044<\/a><\/div><\/div><div class='list--item side left'><a href='' class='item--icon none' style='--background: #000000; --color: rgb(45,48,146); --background--hover: #666666; --radius: 5px; --color--hover: rgb(252,204,50);'><i class=\"fas fa-map-marker-alt\" aria-hidden=\"true\"><\/i><\/a><div class='item--content'><a href='' class='content--text ' style='--font: var(--font_text); --size: 14px; --weight: 700; --line: 1.6; --marginTop: 15px; --background: #666666; --color: rgb(45,48,146); --background--hover: #000000; --color--hover: #666666; --radius: 5px;'>Agrodanieli Ind E Com Ltda (Sucursal Tapejara)<\/a><a href='' class='content--text ' style='--font: var(--font_text); --size: 14px; --weight: 400; --line: 1.6; --marginTop: 15px; --background: #666666; --color: #000000; --background--hover: #000000; --color--hover: #666666; --radius: 5px;'>CalleLeorindoCavichioli, 155 \u2013 Tapejara\/RS<br \/>\r\nCod Postal: 99950-000<br \/>\r\nTelefono: (54) 3344-1620<\/a><\/div><\/div><div class='list--item side left'><a href='' class='item--icon none' style='--background: #000000; --color: rgb(45,48,146); --background--hover: #666666; --radius: 5px; --color--hover: rgb(252,204,50);'><i class=\"fas fa-map-marker-alt\" aria-hidden=\"true\"><\/i><\/a><div class='item--content'><a href='' class='content--text ' style='--font: var(--font_text); --size: 14px; --weight: 700; --line: 1.6; --marginTop: 15px; --background: #666666; --color: rgb(45,48,146); --background--hover: #000000; --color--hover: #666666; --radius: 5px;'>Agrodanieli Ind E Com Ltda (Sucursal Rio do Peixe)<\/a><a href='' class='content--text ' style='--font: var(--font_text); --size: 14px; --weight: 400; --line: 1.6; --marginTop: 15px; --background: #666666; --color: #000000; --background--hover: #000000; --color--hover: #666666; --radius: 5px;'>Ruta. RS 463 Km 19 \u2013 Vila Langaro\/RS<br \/>\r\nCod Postal: 99955-000<br \/>\r\nTelefono: (54) 3344-4236<\/a><\/div><\/div><div class='list--item side left'><a href='' class='item--icon none' style='--background: #000000; --color: rgb(45,48,146); --background--hover: #666666; --radius: 5px; --color--hover: rgb(252,204,50);'><i class=\"fas fa-map-marker-alt\" aria-hidden=\"true\"><\/i><\/a><div class='item--content'><a href='' class='content--text ' style='--font: var(--font_text); --size: 14px; --weight: 700; --line: 1.6; --marginTop: 15px; --background: #666666; --color: rgb(45,48,146); --background--hover: #000000; --color--hover: #666666; --radius: 5px;'>Agrodanieli Ind E Com Ltda (Sucursal Sert\u00e3o)<\/a><a href='' class='content--text ' style='--font: var(--font_text); --size: 14px; --weight: 400; --line: 1.6; --marginTop: 15px; --background: #666666; --color: #000000; --background--hover: #000000; --color--hover: #666666; --radius: 5px;'>RutaRS 135 Km 38 \u2013 Sert\u00e3o\/RS<br \/>\r\nCod Postal: 99170-000<br \/>\r\nTelefono: (54) 3345-1282<\/a><\/div><\/div><div class='list--item side left'><a href='' class='item--icon none' style='--background: #000000; --color: rgb(45,48,146); --background--hover: #666666; --radius: 5px; --color--hover: rgb(252,204,50);'><i class=\"fas fa-map-marker-alt\" aria-hidden=\"true\"><\/i><\/a><div class='item--content'><a href='' class='content--text ' style='--font: var(--font_text); --size: 14px; --weight: 700; --line: 1.6; --marginTop: 15px; --background: #666666; --color: rgb(45,48,146); --background--hover: #000000; --color--hover: #666666; --radius: 5px;'>Agrodanieli Ind E Com Ltda (Ind\u00fastria S\u00e3o Domingos)<\/a><a href='' class='content--text ' style='--font: var(--font_text); --size: 14px; --weight: 400; --line: 1.6; --marginTop: 15px; --background: #666666; --color: #000000; --background--hover: #000000; --color--hover: #666666; --radius: 5px;'>Comunidad S\u00e3o Domingos Ruta ST 463 Km 05 \u2013 Tapejara\/RS<br \/>\r\nCod Postal: 99950-000<br \/>\r\nTelefono: (54) 3344-4270CEP: 99950-000<br \/>\r\nFone: (54) 3344-4270<\/a><\/div><\/div><\/div><\/div>\n<\/div><\/div><\/div>\n\n<div class='rpd-row normal break--tablet reverse--never ' style='--mask_background: #ffffff; --padding_desktop: 50px 15px 50px 15px; --padding_tablet: 30px 15px 75px 15px; --padding_mobile: 30px 15px 50px 15px; --row_gap: 30px;' id='neorgan'><div class='row--mask'><div class='rpd-container'>\n\n<div class=\"wp-block-columns\">\n<div class=\"wp-block-column is-vertically-aligned-center\" style=\"flex-basis:30%\"><div class='rpd-image   center' style='--border_radius_top: 20px; --border_radius_right: 20px; --border_radius_bottom: 20px; --border_radius_left: 20px;'><img src='https:\/\/cdn.siterapido.rs\/wp-content\/uploads\/sites\/272\/2025\/06\/home-image-772-med-logo-neorgan.jpg' alt=''><\/div><\/div>\n\n\n\n<div class=\"wp-block-column is-vertically-aligned-center\"><div class='rpd-wysiwyg text-lt ' style='--content_spacing_desktop: 30px; --h1_font: var(--font_heading); --h1_size_desktop: 32px; --h1_weight: 700; --h1_line_desktop: 1.1; --h1_color: #000000; --h2_font: var(--font_heading); --h2_size_desktop: 24px; --h2_weight: 700; --h2_line_desktop: 1.2; --h2_color: rgb(45,48,146); --h3_font: var(--font_heading); --h3_size_desktop: 19px; --h3_weight: 700; --h3_line_desktop: 1.3; --h3_color: #000000; --h4_font: var(--font_heading); --h4_size_desktop: 16px; --h4_weight: 700; --h4_line_desktop: 1.4; --h4_color: #000000; --h5_font: var(--font_heading); --h5_size_desktop: 14px; --h5_weight: 700; --h5_line_desktop: 1.5; --h5_color: #000000; --h6_font: var(--font_heading); --h6_size_desktop: 13px; --h6_weight: 700; --h6_line_desktop: 1.6; --h6_color: #000000; --content_font: var(--font_text); --content_size_desktop: 16px; --content_weight: 400; --content_line_desktop: 1.8; --content_spacing_tablet: 25px; --h1_size_tablet: 26px; --h1_line_tablet: 1.1; --h2_size_tablet: 24px; --h2_line_tablet: 1.2; --h3_size_tablet: 16px; --h3_line_tablet: 1.3; --h4_size_tablet: 13px; --h4_line_tablet: 1.4; --h5_size_tablet: 12px; --h5_line_tablet: 1.5; --h6_size_tablet: 11px; --h6_line_tablet: 1.6; --content_size_tablet: 15px; --content_line_mobile: 1.7; --content_spacing_mobile: 20px; --h1_size_mobile: 21px; --h1_line_mobile: 1.1; --h2_size_mobile: 24px; --h2_line_mobile: 1.2; --h3_size_mobile: 13px; --h3_line_mobile: 1.3; --h4_size_mobile: 11px; --h4_line_mobile: 1.4; --h5_size_mobile: 10px; --h5_line_mobile: 1.5; --h6_size_mobile: 9px; --h6_line_mobile: 1.6; --content_size_mobile: 14px; --content_line_mobile: 1.6; --color: #000000;'><h2 class=\"title\" style=\"text-align: left;\" class=\"title\" style=\"text-align: left;\" id=\"neorgan-fertilizantes\">Neorgan Fertilizantes<\/h2>\n<p>El Grupo Danieli cuenta con una moderna industria de compostaje mediante biocompostadores, que permiten acelerar el desarrollo de microorganismos, haciendo que la maduraci\u00f3n del compost org\u00e1nico se produzca en un menor tiempo y el producto final sea un fertilizante org\u00e1nico con la calidad que el productor rural necesita. Recientemente, la f\u00e1brica pas\u00f3 por una importante reestructuraci\u00f3n con el fin de lanzar al mercado un fertilizante organomineral, que aprovecha el resultado del proceso anterior combinado con suplementos de fuentes minerales, haciendo que este fertilizante tenga un mejor aprovechamiento del suelo, mayor rentabilidad y reducci\u00f3n de costos para varios cultivos.<\/p>\n<\/div>\n\n\n<div class='rpd-buttons left justify-content-left justify-content-md-left justify-content-sm-center ' style='--spacing: 10px; --font: var(--font_heading); --size: 14px; --weight: 700; --line: 1; --radius: 5px; --background: #2d3092; --color: #ffffff; --background--hover: #d8d8d8; --color--hover: #ffffff; --align: center;'><a style='--background: rgb(252,204,50) !important;  --background--hover: rgb(45,48,146); ' href='https:\/\/neorgan.ind.br\/' target='_blank' class='fill'>Accede al sitio web <\/a><\/div><\/div>\n<\/div>\n\n<\/div><\/div><\/div>\n\n<div class='rpd-row normal break--tablet reverse--never ' style='--mask_background: ; --padding_desktop: 50px 15px 50px 15px; --padding_tablet: 30px 15px 75px 15px; --padding_mobile: 30px 15px 50px 15px; --row_gap: 30px;' id='extraccion'><div class='row--mask'><div class='rpd-container'>\n\n<div class=\"wp-block-columns\">\n<div class=\"wp-block-column is-vertically-aligned-center\" style=\"flex-basis:30%\"><div class='rpd-image   left' style='--border_radius_top: 20px; --border_radius_right: 20px; --border_radius_bottom: 20px; --border_radius_left: 20px;'><img src='https:\/\/cdn.siterapido.rs\/wp-content\/uploads\/sites\/272\/2025\/06\/home-image-734-med-extracao-oleo.jpg' alt=''><\/div><\/div>\n\n\n\n<div class=\"wp-block-column is-vertically-aligned-center\"><div class='rpd-wysiwyg text-lt ' style='--content_spacing_desktop: 30px; --h1_font: var(--font_heading); --h1_size_desktop: 32px; --h1_weight: 700; --h1_line_desktop: 1.1; --h1_color: #000000; --h2_font: var(--font_heading); --h2_size_desktop: 24px; --h2_weight: 700; --h2_line_desktop: 1.2; --h2_color: rgb(45,48,146); --h3_font: var(--font_heading); --h3_size_desktop: 19px; --h3_weight: 700; --h3_line_desktop: 1.3; --h3_color: #000000; --h4_font: var(--font_heading); --h4_size_desktop: 16px; --h4_weight: 700; --h4_line_desktop: 1.4; --h4_color: #000000; --h5_font: var(--font_heading); --h5_size_desktop: 14px; --h5_weight: 700; --h5_line_desktop: 1.5; --h5_color: #000000; --h6_font: var(--font_heading); --h6_size_desktop: 13px; --h6_weight: 700; --h6_line_desktop: 1.6; --h6_color: #000000; --content_font: var(--font_text); --content_size_desktop: 16px; --content_weight: 400; --content_line_desktop: 1.8; --content_spacing_tablet: 25px; --h1_size_tablet: 26px; --h1_line_tablet: 1.1; --h2_size_tablet: 24px; --h2_line_tablet: 1.2; --h3_size_tablet: 16px; --h3_line_tablet: 1.3; --h4_size_tablet: 13px; --h4_line_tablet: 1.4; --h5_size_tablet: 12px; --h5_line_tablet: 1.5; --h6_size_tablet: 11px; --h6_line_tablet: 1.6; --content_size_tablet: 15px; --content_line_mobile: 1.7; --content_spacing_mobile: 20px; --h1_size_mobile: 21px; --h1_line_mobile: 1.1; --h2_size_mobile: 24px; --h2_line_mobile: 1.2; --h3_size_mobile: 13px; --h3_line_mobile: 1.3; --h4_size_mobile: 11px; --h4_line_mobile: 1.4; --h5_size_mobile: 10px; --h5_line_mobile: 1.5; --h6_size_mobile: 9px; --h6_line_mobile: 1.6; --content_size_mobile: 14px; --content_line_mobile: 1.6; --color: #000000;'><h2 class=\"title\" class=\"title\" id=\"extraccion-de-harina-y-aceite-de-soja\">Extracci\u00f3n de harina y aceite de soja<\/h2>\n<p>Con una moderna y amplia estaci\u00f3n de extracci\u00f3n, la unidad opera las 24 horas del d\u00eda, los 7 d\u00edas de la semana con una capacidad de trituraci\u00f3n de 600 toneladas \/ d\u00eda. Los productos de all\u00ed se destinan a las grandes industrias nacionales del sector.<\/p>\n<\/div><\/div>\n<\/div>\n\n<\/div><\/div><\/div>\n\n\n<p><\/p>\n","protected":false},"excerpt":{"rendered":"","protected":false},"author":6,"featured_media":0,"parent":0,"menu_order":7,"comment_status":"closed","ping_status":"closed","template":"","meta":{"_acf_changed":false,"footnotes":""},"class_list":["post-4826","page","type-page","status-publish","hentry"],"acf":[],"_links":{"self":[{"href":"https:\/\/agrodanieli.siterapido.rs\/es\/wp-json\/wp\/v2\/pages\/4826","targetHints":{"allow":["GET"]}}],"collection":[{"href":"https:\/\/agrodanieli.siterapido.rs\/es\/wp-json\/wp\/v2\/pages"}],"about":[{"href":"https:\/\/agrodanieli.siterapido.rs\/es\/wp-json\/wp\/v2\/types\/page"}],"author":[{"embeddable":true,"href":"https:\/\/agrodanieli.siterapido.rs\/es\/wp-json\/wp\/v2\/users\/6"}],"replies":[{"embeddable":true,"href":"https:\/\/agrodanieli.siterapido.rs\/es\/wp-json\/wp\/v2\/comments?post=4826"}],"version-history":[{"count":4,"href":"https:\/\/agrodanieli.siterapido.rs\/es\/wp-json\/wp\/v2\/pages\/4826\/revisions"}],"predecessor-version":[{"id":5032,"href":"https:\/\/agrodanieli.siterapido.rs\/es\/wp-json\/wp\/v2\/pages\/4826\/revisions\/5032"}],"wp:attachment":[{"href":"https:\/\/agrodanieli.siterapido.rs\/es\/wp-json\/wp\/v2\/media?parent=4826"}],"curies":[{"name":"wp","href":"https:\/\/api.w.org\/{rel}","templated":true}]}}